{"id":6555,"date":"2019-02-10T09:59:02","date_gmt":"2019-02-10T09:59:02","guid":{"rendered":"https:\/\/rusticosdelsol.vitaminaonline.site\/?post_type=product&#038;p=6555"},"modified":"2024-02-18T06:54:00","modified_gmt":"2024-02-18T12:54:00","slug":"sala-vara-en-tela-cuadro-fuerte","status":"publish","type":"product","link":"https:\/\/rusticosdelsol.com.mx\/?product=sala-vara-en-tela-cuadro-fuerte","title":{"rendered":"Sala Vara en Tela Cuadro Fuerte"},"content":{"rendered":"<p>Sala Vara en Tela Incluye : sill\u00f3n grande, sill\u00f3n mediano, sill\u00f3n individual<\/p>\n<p><strong>Medidas:<\/strong><br \/>\nSill\u00f3n Grande : Largo 1.80 cm , Fondo .65 cm,  Altura .40 cm,  Sill\u00f3n Mediano : 1.40 cm largo, Fondo .65 cm, Altura al Asiento: .40 cm,  Sill\u00f3n Individual : Largo : .90 cm, Fondo .65 cm,  Altura .40 cm<\/p>\n","protected":false},"excerpt":{"rendered":"<p>Sala Vara en Tela Incluye : sill\u00f3n grande, sill\u00f3n mediano, sill\u00f3n individual<\/p>\n","protected":false},"featured_media":6472,"comment_status":"closed","ping_status":"closed","template":"","meta":{"site-sidebar-layout":"default","site-content-layout":"","ast-site-content-layout":"default","site-content-style":"default","site-sidebar-style":"default","ast-global-header-display":"","ast-banner-title-visibility":"","ast-main-header-display":"","ast-hfb-above-header-display":"","ast-hfb-below-header-display":"","ast-hfb-mobile-header-display":"","site-post-title":"","ast-breadcrumbs-content":"","ast-featured-img":"","footer-sml-layout":"","theme-transparent-header-meta":"default","adv-header-id-meta":"","stick-header-meta":"","header-above-stick-meta":"","header-main-stick-meta":"","header-below-stick-meta":"","astra-migrate-meta-layouts":"set","ast-page-background-enabled":"default","ast-page-background-meta":{"desktop":{"background-color":"var(--ast-global-color-4)","background-image":"","background-repeat":"repeat","background-position":"center center","background-size":"auto","background-attachment":"scroll","background-type":"","background-media":"","overlay-type":"","overlay-color":"","overlay-opacity":"","overlay-gradient":""},"tablet":{"background-color":"","background-image":"","background-repeat":"repeat","background-position":"center center","background-size":"auto","background-attachment":"scroll","background-type":"","background-media":"","overlay-type":"","overlay-color":"","overlay-opacity":"","overlay-gradient":""},"mobile":{"background-color":"","background-image":"","background-repeat":"repeat","background-position":"center center","background-size":"auto","background-attachment":"scroll","background-type":"","background-media":"","overlay-type":"","overlay-color":"","overlay-opacity":"","overlay-gradient":""}},"ast-content-background-meta":{"desktop":{"background-color":"var(--ast-global-color-5)","background-image":"","background-repeat":"repeat","background-position":"center center","background-size":"auto","background-attachment":"scroll","background-type":"","background-media":"","overlay-type":"","overlay-color":"","overlay-opacity":"","overlay-gradient":""},"tablet":{"background-color":"var(--ast-global-color-5)","background-image":"","background-repeat":"repeat","background-position":"center center","background-size":"auto","background-attachment":"scroll","background-type":"","background-media":"","overlay-type":"","overlay-color":"","overlay-opacity":"","overlay-gradient":""},"mobile":{"background-color":"var(--ast-global-color-5)","background-image":"","background-repeat":"repeat","background-position":"center center","background-size":"auto","background-attachment":"scroll","background-type":"","background-media":"","overlay-type":"","overlay-color":"","overlay-opacity":"","overlay-gradient":""}}},"product_cat":[15,501,521],"product_tag":[],"class_list":{"0":"post-6555","1":"product","2":"type-product","3":"status-publish","4":"has-post-thumbnail","6":"product_cat-general","7":"product_cat-salas","8":"product_cat-sets-salas","9":"desktop-align-left","10":"tablet-align-left","11":"mobile-align-left","13":"first","14":"instock","15":"purchasable","16":"product-type-variable"},"aioseo_notices":[],"_links":{"self":[{"href":"https:\/\/rusticosdelsol.com.mx\/index.php?rest_route=\/wp\/v2\/product\/6555","targetHints":{"allow":["GET"]}}],"collection":[{"href":"https:\/\/rusticosdelsol.com.mx\/index.php?rest_route=\/wp\/v2\/product"}],"about":[{"href":"https:\/\/rusticosdelsol.com.mx\/index.php?rest_route=\/wp\/v2\/types\/product"}],"replies":[{"embeddable":true,"href":"https:\/\/rusticosdelsol.com.mx\/index.php?rest_route=%2Fwp%2Fv2%2Fcomments&post=6555"}],"version-history":[{"count":1,"href":"https:\/\/rusticosdelsol.com.mx\/index.php?rest_route=\/wp\/v2\/product\/6555\/revisions"}],"predecessor-version":[{"id":7121,"href":"https:\/\/rusticosdelsol.com.mx\/index.php?rest_route=\/wp\/v2\/product\/6555\/revisions\/7121"}],"wp:featuredmedia":[{"embeddable":true,"href":"https:\/\/rusticosdelsol.com.mx\/index.php?rest_route=\/wp\/v2\/media\/6472"}],"wp:attachment":[{"href":"https:\/\/rusticosdelsol.com.mx\/index.php?rest_route=%2Fwp%2Fv2%2Fmedia&parent=6555"}],"wp:term":[{"taxonomy":"product_cat","embeddable":true,"href":"https:\/\/rusticosdelsol.com.mx\/index.php?rest_route=%2Fwp%2Fv2%2Fproduct_cat&post=6555"},{"taxonomy":"product_tag","embeddable":true,"href":"https:\/\/rusticosdelsol.com.mx\/index.php?rest_route=%2Fwp%2Fv2%2Fproduct_tag&post=6555"}],"curies":[{"name":"wp","href":"https:\/\/api.w.org\/{rel}","templated":true}]}}