{"id":4330,"date":"2018-12-21T19:47:13","date_gmt":"2018-12-21T19:47:13","guid":{"rendered":"https:\/\/rusticosdelsol.vitaminaonline.site\/producto\/sala-cancun-tequila\/"},"modified":"2024-02-18T11:28:08","modified_gmt":"2024-02-18T17:28:08","slug":"sala-cancun-tequila","status":"publish","type":"product","link":"https:\/\/rusticosdelsol.com.mx\/?product=sala-cancun-tequila","title":{"rendered":"Sala Cancun-Tequila"},"content":{"rendered":"<p>Sala Cancun-Tequila Incluye : sill\u00f3n grande, sill\u00f3n mediano y sill\u00f3n individual<\/p>\n<p><strong>Medidas:<\/strong><br \/>\nSill\u00f3n Grande : Largo 1.80 cms , Fondo .65 cms,  Altura .40 cms,  Sill\u00f3n Mediano : 1.40 cms largo, Fondo .65 cms, Altura al Asiento: .40 cms,  Sill\u00f3n Individual : Largo : .90 cms, Fondo .65 cms,  Altura .40 cms<\/p>\n","protected":false},"excerpt":{"rendered":"<p>Sala Cancun-Tequila Incluye : sill\u00f3n grande, sill\u00f3n mediano y sill\u00f3n individual<\/p>\n","protected":false},"featured_media":5596,"comment_status":"closed","ping_status":"closed","template":"","meta":{"site-sidebar-layout":"default","site-content-layout":"","ast-site-content-layout":"default","site-content-style":"default","site-sidebar-style":"default","ast-global-header-display":"","ast-banner-title-visibility":"","ast-main-header-display":"","ast-hfb-above-header-display":"","ast-hfb-below-header-display":"","ast-hfb-mobile-header-display":"","site-post-title":"","ast-breadcrumbs-content":"","ast-featured-img":"","footer-sml-layout":"","theme-transparent-header-meta":"default","adv-header-id-meta":"","stick-header-meta":"","header-above-stick-meta":"","header-main-stick-meta":"","header-below-stick-meta":"","astra-migrate-meta-layouts":"set","ast-page-background-enabled":"default","ast-page-background-meta":{"desktop":{"background-color":"var(--ast-global-color-4)","background-image":"","background-repeat":"repeat","background-position":"center center","background-size":"auto","background-attachment":"scroll","background-type":"","background-media":"","overlay-type":"","overlay-color":"","overlay-opacity":"","overlay-gradient":""},"tablet":{"background-color":"","background-image":"","background-repeat":"repeat","background-position":"center center","background-size":"auto","background-attachment":"scroll","background-type":"","background-media":"","overlay-type":"","overlay-color":"","overlay-opacity":"","overlay-gradient":""},"mobile":{"background-color":"","background-image":"","background-repeat":"repeat","background-position":"center center","background-size":"auto","background-attachment":"scroll","background-type":"","background-media":"","overlay-type":"","overlay-color":"","overlay-opacity":"","overlay-gradient":""}},"ast-content-background-meta":{"desktop":{"background-color":"var(--ast-global-color-5)","background-image":"","background-repeat":"repeat","background-position":"center center","background-size":"auto","background-attachment":"scroll","background-type":"","background-media":"","overlay-type":"","overlay-color":"","overlay-opacity":"","overlay-gradient":""},"tablet":{"background-color":"var(--ast-global-color-5)","background-image":"","background-repeat":"repeat","background-position":"center center","background-size":"auto","background-attachment":"scroll","background-type":"","background-media":"","overlay-type":"","overlay-color":"","overlay-opacity":"","overlay-gradient":""},"mobile":{"background-color":"var(--ast-global-color-5)","background-image":"","background-repeat":"repeat","background-position":"center center","background-size":"auto","background-attachment":"scroll","background-type":"","background-media":"","overlay-type":"","overlay-color":"","overlay-opacity":"","overlay-gradient":""}}},"product_cat":[15,501,521],"product_tag":[81],"class_list":{"0":"post-4330","1":"product","2":"type-product","3":"status-publish","4":"has-post-thumbnail","6":"product_cat-general","7":"product_cat-salas","8":"product_cat-sets-salas","9":"product_tag-lo-mas-vendido","10":"desktop-align-left","11":"tablet-align-left","12":"mobile-align-left","14":"first","15":"instock","16":"purchasable","17":"product-type-variable"},"aioseo_notices":[],"_links":{"self":[{"href":"https:\/\/rusticosdelsol.com.mx\/index.php?rest_route=\/wp\/v2\/product\/4330","targetHints":{"allow":["GET"]}}],"collection":[{"href":"https:\/\/rusticosdelsol.com.mx\/index.php?rest_route=\/wp\/v2\/product"}],"about":[{"href":"https:\/\/rusticosdelsol.com.mx\/index.php?rest_route=\/wp\/v2\/types\/product"}],"replies":[{"embeddable":true,"href":"https:\/\/rusticosdelsol.com.mx\/index.php?rest_route=%2Fwp%2Fv2%2Fcomments&post=4330"}],"version-history":[{"count":1,"href":"https:\/\/rusticosdelsol.com.mx\/index.php?rest_route=\/wp\/v2\/product\/4330\/revisions"}],"predecessor-version":[{"id":7297,"href":"https:\/\/rusticosdelsol.com.mx\/index.php?rest_route=\/wp\/v2\/product\/4330\/revisions\/7297"}],"wp:featuredmedia":[{"embeddable":true,"href":"https:\/\/rusticosdelsol.com.mx\/index.php?rest_route=\/wp\/v2\/media\/5596"}],"wp:attachment":[{"href":"https:\/\/rusticosdelsol.com.mx\/index.php?rest_route=%2Fwp%2Fv2%2Fmedia&parent=4330"}],"wp:term":[{"taxonomy":"product_cat","embeddable":true,"href":"https:\/\/rusticosdelsol.com.mx\/index.php?rest_route=%2Fwp%2Fv2%2Fproduct_cat&post=4330"},{"taxonomy":"product_tag","embeddable":true,"href":"https:\/\/rusticosdelsol.com.mx\/index.php?rest_route=%2Fwp%2Fv2%2Fproduct_tag&post=4330"}],"curies":[{"name":"wp","href":"https:\/\/api.w.org\/{rel}","templated":true}]}}