{"id":18,"date":"2021-08-23T13:48:49","date_gmt":"2021-08-23T18:48:49","guid":{"rendered":"https:\/\/rusticosdelsol.com.mx\/test\/about\/"},"modified":"2026-02-07T07:29:17","modified_gmt":"2026-02-07T13:29:17","slug":"nosotros-2","status":"publish","type":"page","link":"https:\/\/rusticosdelsol.com.mx\/?page_id=18","title":{"rendered":"Nosotros"},"content":{"rendered":"\t\t<div data-elementor-type=\"wp-page\" data-elementor-id=\"18\" class=\"elementor elementor-18\" data-elementor-post-type=\"page\">\n\t\t\t\t<div class=\"elementor-element elementor-element-96062ea e-flex e-con-boxed e-con e-parent\" data-id=\"96062ea\" data-element_type=\"container\">\n\t\t\t\t\t<div class=\"e-con-inner\">\n\t\t<div class=\"elementor-element elementor-element-19f4e15 e-con-full e-flex e-con e-child\" data-id=\"19f4e15\" data-element_type=\"container\">\n\t\t\t\t<div class=\"elementor-element elementor-element-6b2497c elementor-position-top elementor-widget elementor-widget-image-box\" data-id=\"6b2497c\" data-element_type=\"widget\" data-widget_type=\"image-box.default\">\n\t\t\t\t<div class=\"elementor-widget-container\">\n\t\t\t\t\t<div class=\"elementor-image-box-wrapper\"><figure class=\"elementor-image-box-img\"><img decoding=\"async\" width=\"218\" height=\"165\" src=\"https:\/\/rusticosdelsol.com.mx\/wp-content\/uploads\/2024\/02\/bandera.fw_.png\" class=\"attachment-full size-full wp-image-6942\" alt=\"\" \/><\/figure><div class=\"elementor-image-box-content\"><h1 class=\"elementor-image-box-title\">Desde 1993<\/h1><p class=\"elementor-image-box-description\">Somos una empresa fabricante 100% mexicana que nace en el a\u00f1o de 1993 impulsada por sus fundadores dedicados por completo al ramo mueblero que cuentan ya con una experiencia de 31 a\u00f1os en la industria mueblera.<\/p><\/div><\/div>\t\t\t\t<\/div>\n\t\t\t\t<\/div>\n\t\t\t\t<\/div>\n\t\t\t\t\t<\/div>\n\t\t\t\t<\/div>\n\t\t\t\t<section class=\"elementor-section elementor-top-section elementor-element elementor-element-0298810 elementor-section-height-min-height elementor-section-boxed elementor-section-height-default elementor-section-items-middle\" data-id=\"0298810\" data-element_type=\"section\" data-settings=\"{&quot;background_background&quot;:&quot;classic&quot;}\">\n\t\t\t\t\t\t<div class=\"elementor-container elementor-column-gap-no\">\n\t\t\t\t\t<div class=\"elementor-column elementor-col-100 elementor-top-column elementor-element elementor-element-2c7ecfd\" data-id=\"2c7ecfd\" data-element_type=\"column\">\n\t\t\t<div class=\"elementor-widget-wrap\">\n\t\t\t\t\t\t\t<\/div>\n\t\t<\/div>\n\t\t\t\t\t<\/div>\n\t\t<\/section>\n\t\t<div class=\"elementor-element elementor-element-23809bb e-flex e-con-boxed e-con e-parent\" data-id=\"23809bb\" data-element_type=\"container\" data-settings=\"{&quot;background_background&quot;:&quot;classic&quot;}\">\n\t\t\t\t\t<div class=\"e-con-inner\">\n\t\t<div class=\"elementor-element elementor-element-a0e3318 e-con-full e-flex e-con e-child\" data-id=\"a0e3318\" data-element_type=\"container\">\n\t\t\t\t<div class=\"elementor-element elementor-element-76f6c5e elementor-widget elementor-widget-heading\" data-id=\"76f6c5e\" data-element_type=\"widget\" data-widget_type=\"heading.default\">\n\t\t\t\t<div class=\"elementor-widget-container\">\n\t\t\t\t\t<h2 class=\"elementor-heading-title elementor-size-default\">Visi\u00f3n<\/h2>\t\t\t\t<\/div>\n\t\t\t\t<\/div>\n\t\t\t\t<div class=\"elementor-element elementor-element-f38a544 elementor-widget-divider--view-line elementor-widget elementor-widget-divider\" data-id=\"f38a544\" data-element_type=\"widget\" data-widget_type=\"divider.default\">\n\t\t\t\t<div class=\"elementor-widget-container\">\n\t\t\t\t\t\t\t<div class=\"elementor-divider\">\n\t\t\t<span class=\"elementor-divider-separator\">\n\t\t\t\t\t\t<\/span>\n\t\t<\/div>\n\t\t\t\t\t\t<\/div>\n\t\t\t\t<\/div>\n\t\t\t\t<div class=\"elementor-element elementor-element-bfb4347 elementor-widget elementor-widget-text-editor\" data-id=\"bfb4347\" data-element_type=\"widget\" data-widget_type=\"text-editor.default\">\n\t\t\t\t<div class=\"elementor-widget-container\">\n\t\t\t\t\t\t\t\t\tSer la empresa l\u00edder en la fabricaci\u00f3n y venta de muebles a nivel nacional con altos est\u00e1ndares de servicio\u00a0 buscando siempre la satisfacci\u00f3n de nuestros clientes y empleados.\t\t\t\t\t\t\t\t<\/div>\n\t\t\t\t<\/div>\n\t\t\t\t<\/div>\n\t\t\t\t\t<\/div>\n\t\t\t\t<\/div>\n\t\t<div class=\"elementor-element elementor-element-59a145a e-flex e-con-boxed e-con e-parent\" data-id=\"59a145a\" data-element_type=\"container\">\n\t\t\t\t\t<div class=\"e-con-inner\">\n\t\t<div class=\"elementor-element elementor-element-3dc62e1 e-con-full e-flex e-con e-child\" data-id=\"3dc62e1\" data-element_type=\"container\">\n\t\t\t\t<div class=\"elementor-element elementor-element-3c8b00b elementor-widget elementor-widget-heading\" data-id=\"3c8b00b\" data-element_type=\"widget\" data-widget_type=\"heading.default\">\n\t\t\t\t<div class=\"elementor-widget-container\">\n\t\t\t\t\t<h2 class=\"elementor-heading-title elementor-size-default\">Productos de calidad<\/h2>\t\t\t\t<\/div>\n\t\t\t\t<\/div>\n\t\t\t\t<div class=\"elementor-element elementor-element-f8f627f elementor-widget-divider--view-line elementor-widget elementor-widget-divider\" data-id=\"f8f627f\" data-element_type=\"widget\" data-widget_type=\"divider.default\">\n\t\t\t\t<div class=\"elementor-widget-container\">\n\t\t\t\t\t\t\t<div class=\"elementor-divider\">\n\t\t\t<span class=\"elementor-divider-separator\">\n\t\t\t\t\t\t<\/span>\n\t\t<\/div>\n\t\t\t\t\t\t<\/div>\n\t\t\t\t<\/div>\n\t\t<div class=\"elementor-element elementor-element-3bd941f e-con-full e-flex e-con e-child\" data-id=\"3bd941f\" data-element_type=\"container\">\n\t\t\t\t<div class=\"elementor-element elementor-element-d444a58 uael-woo--align-center uael-sale-flash-circle uael-featured-flash-circle uael-woo-slider-arrow-outside uael-woo-slider-arrow-circle elementor-widget elementor-widget-uael-woo-products\" data-id=\"d444a58\" data-element_type=\"widget\" data-settings=\"{&quot;slides_to_show&quot;:3,&quot;slides_to_show_tablet&quot;:3,&quot;slides_to_show_mobile&quot;:1}\" data-widget_type=\"uael-woo-products.grid-default\">\n\t\t\t\t<div class=\"elementor-widget-container\">\n\t\t\t\t\t<div data-woo_slider=\"{&quot;slidesToShow&quot;:3,&quot;slidesToScroll&quot;:1,&quot;autoplaySpeed&quot;:5000,&quot;autoplay&quot;:true,&quot;infinite&quot;:true,&quot;pauseOnHover&quot;:true,&quot;speed&quot;:500,&quot;arrows&quot;:true,&quot;dots&quot;:true,&quot;rtl&quot;:false,&quot;prevArrow&quot;:&quot;&lt;button type=\\&quot;button\\&quot; data-role=\\&quot;none\\&quot; class=\\&quot;slick-prev slick-arrow fa fa-angle-left\\&quot; aria-label=\\&quot;Previous\\&quot; role=\\&quot;button\\&quot;&gt;&lt;\\\/button&gt;&quot;,&quot;nextArrow&quot;:&quot;&lt;button type=\\&quot;button\\&quot; data-role=\\&quot;none\\&quot; class=\\&quot;slick-next slick-arrow fa fa-angle-right\\&quot; aria-label=\\&quot;Next\\&quot; role=\\&quot;button\\&quot;&gt;&lt;\\\/button&gt;&quot;,&quot;responsive&quot;:[{&quot;breakpoint&quot;:1024,&quot;settings&quot;:{&quot;slidesToShow&quot;:3,&quot;slidesToScroll&quot;:3}},{&quot;breakpoint&quot;:767,&quot;settings&quot;:{&quot;slidesToShow&quot;:1,&quot;slidesToScroll&quot;:1}}]}\" class=\"uael-woocommerce uael-woo-products-slider uael-woo-skin-grid-default uael-woo-query-all\" data-page=\"18\" data-skin=\"grid_default\"><div class=\"uael-slick-dotted uael-woo-products-inner uael-woo-product__column-4 uael-woo-product__column-tablet-3 uael-woo-product__column-mobile-1\"><ul class=\"products columns-4\">\n\n\n<li class=\" paquetes post-7153 product first instock shipping-taxable product-type-simple\">\n\t<div class=\"uael-woo-product-wrapper uael-prod-auto-align-disabled\">\n\t\t<div class=\"uael-woo-products-thumbnail-wrap\"><div class=\"uael-flash-container \"><\/div><a href=\"https:\/\/rusticosdelsol.com.mx\/?product=paquete-bancos-cantineros-acojinados\" class=\"woocommerce-LoopProduct-link woocommerce-loop-product__link\"><img fetchpriority=\"high\" decoding=\"async\" width=\"600\" height=\"600\" src=\"https:\/\/rusticosdelsol.com.mx\/wp-content\/uploads\/2019\/01\/Cantinero-Tradicional-Acojinado-color-Chocolate-1-600x600.jpg\" class=\"attachment-woocommerce_thumbnail size-woocommerce_thumbnail\" alt=\"\" srcset=\"https:\/\/rusticosdelsol.com.mx\/wp-content\/uploads\/2019\/01\/Cantinero-Tradicional-Acojinado-color-Chocolate-1-600x600.jpg 600w, https:\/\/rusticosdelsol.com.mx\/wp-content\/uploads\/2019\/01\/Cantinero-Tradicional-Acojinado-color-Chocolate-1-150x150.jpg 150w, https:\/\/rusticosdelsol.com.mx\/wp-content\/uploads\/2019\/01\/Cantinero-Tradicional-Acojinado-color-Chocolate-1-100x100.jpg 100w\" sizes=\"(max-width: 600px) 100vw, 600px\" \/><\/a><\/div><div class=\"uael-woo-products-summary-wrap uael-auto-align-disabled\">\t\t\t<span class=\"uael-woo-product-category\">\n\t\t\t\tPaquetes\t\t\t<\/span> \n\t\t\t<a href=\"https:\/\/rusticosdelsol.com.mx\/?product=paquete-bancos-cantineros-acojinados\" class=\"uael-loop-product__link\"><h2 class=\"woocommerce-loop-product__title\">Paquete Bancos Cantineros Acojinados<\/h2><\/a><\/div>\t<\/div>\n<\/li>\n\n\n<li class=\" paquetes post-7151 product  instock shipping-taxable product-type-simple\">\n\t<div class=\"uael-woo-product-wrapper uael-prod-auto-align-disabled\">\n\t\t<div class=\"uael-woo-products-thumbnail-wrap\"><div class=\"uael-flash-container \"><\/div><a href=\"https:\/\/rusticosdelsol.com.mx\/?product=paquete-bancos-cantineros-tradicional-sencillos\" class=\"woocommerce-LoopProduct-link woocommerce-loop-product__link\"><img decoding=\"async\" width=\"600\" height=\"600\" src=\"https:\/\/rusticosdelsol.com.mx\/wp-content\/uploads\/2019\/01\/Cantinero-Tradicional-Sencillo-color-Chedron-1-600x600.jpg\" class=\"attachment-woocommerce_thumbnail size-woocommerce_thumbnail\" alt=\"\" srcset=\"https:\/\/rusticosdelsol.com.mx\/wp-content\/uploads\/2019\/01\/Cantinero-Tradicional-Sencillo-color-Chedron-1-600x600.jpg 600w, https:\/\/rusticosdelsol.com.mx\/wp-content\/uploads\/2019\/01\/Cantinero-Tradicional-Sencillo-color-Chedron-1-150x150.jpg 150w, https:\/\/rusticosdelsol.com.mx\/wp-content\/uploads\/2019\/01\/Cantinero-Tradicional-Sencillo-color-Chedron-1-100x100.jpg 100w\" sizes=\"(max-width: 600px) 100vw, 600px\" \/><\/a><\/div><div class=\"uael-woo-products-summary-wrap uael-auto-align-disabled\">\t\t\t<span class=\"uael-woo-product-category\">\n\t\t\t\tPaquetes\t\t\t<\/span> \n\t\t\t<a href=\"https:\/\/rusticosdelsol.com.mx\/?product=paquete-bancos-cantineros-tradicional-sencillos\" class=\"uael-loop-product__link\"><h2 class=\"woocommerce-loop-product__title\">Paquete bancos cantineros tradicional sencillos<\/h2><\/a><\/div>\t<\/div>\n<\/li>\n\n\n<li class=\" paquetes post-7149 product  instock shipping-taxable product-type-simple\">\n\t<div class=\"uael-woo-product-wrapper uael-prod-auto-align-disabled\">\n\t\t<div class=\"uael-woo-products-thumbnail-wrap\"><div class=\"uael-flash-container \"><\/div><a href=\"https:\/\/rusticosdelsol.com.mx\/?product=paquete-cancun-tequila\" class=\"woocommerce-LoopProduct-link woocommerce-loop-product__link\"><img loading=\"lazy\" decoding=\"async\" width=\"600\" height=\"600\" src=\"https:\/\/rusticosdelsol.com.mx\/wp-content\/uploads\/2019\/01\/Silla-20-Cancun-Tequila-color-Chedron-1-600x600.jpg\" class=\"attachment-woocommerce_thumbnail size-woocommerce_thumbnail\" alt=\"\" srcset=\"https:\/\/rusticosdelsol.com.mx\/wp-content\/uploads\/2019\/01\/Silla-20-Cancun-Tequila-color-Chedron-1-600x600.jpg 600w, https:\/\/rusticosdelsol.com.mx\/wp-content\/uploads\/2019\/01\/Silla-20-Cancun-Tequila-color-Chedron-1-150x150.jpg 150w, https:\/\/rusticosdelsol.com.mx\/wp-content\/uploads\/2019\/01\/Silla-20-Cancun-Tequila-color-Chedron-1-100x100.jpg 100w\" sizes=\"(max-width: 600px) 100vw, 600px\" \/><\/a><\/div><div class=\"uael-woo-products-summary-wrap uael-auto-align-disabled\">\t\t\t<span class=\"uael-woo-product-category\">\n\t\t\t\tPaquetes\t\t\t<\/span> \n\t\t\t<a href=\"https:\/\/rusticosdelsol.com.mx\/?product=paquete-cancun-tequila\" class=\"uael-loop-product__link\"><h2 class=\"woocommerce-loop-product__title\">Paquete Canc\u00fan Tequila<\/h2><\/a><\/div>\t<\/div>\n<\/li>\n\n\n<li class=\" paquetes post-7147 product last instock shipping-taxable product-type-simple\">\n\t<div class=\"uael-woo-product-wrapper uael-prod-auto-align-disabled\">\n\t\t<div class=\"uael-woo-products-thumbnail-wrap\"><div class=\"uael-flash-container \"><\/div><a href=\"https:\/\/rusticosdelsol.com.mx\/?product=paquete-sillas-acojinadas\" class=\"woocommerce-LoopProduct-link woocommerce-loop-product__link\"><img loading=\"lazy\" decoding=\"async\" width=\"600\" height=\"600\" src=\"https:\/\/rusticosdelsol.com.mx\/wp-content\/uploads\/2019\/01\/Silla-20-Tradicional-Acojinada-color-Chedron-1-600x600.jpg\" class=\"attachment-woocommerce_thumbnail size-woocommerce_thumbnail\" alt=\"\" srcset=\"https:\/\/rusticosdelsol.com.mx\/wp-content\/uploads\/2019\/01\/Silla-20-Tradicional-Acojinada-color-Chedron-1-600x600.jpg 600w, https:\/\/rusticosdelsol.com.mx\/wp-content\/uploads\/2019\/01\/Silla-20-Tradicional-Acojinada-color-Chedron-1-150x150.jpg 150w, https:\/\/rusticosdelsol.com.mx\/wp-content\/uploads\/2019\/01\/Silla-20-Tradicional-Acojinada-color-Chedron-1-100x100.jpg 100w\" sizes=\"(max-width: 600px) 100vw, 600px\" \/><\/a><\/div><div class=\"uael-woo-products-summary-wrap uael-auto-align-disabled\">\t\t\t<span class=\"uael-woo-product-category\">\n\t\t\t\tPaquetes\t\t\t<\/span> \n\t\t\t<a href=\"https:\/\/rusticosdelsol.com.mx\/?product=paquete-sillas-acojinadas\" class=\"uael-loop-product__link\"><h2 class=\"woocommerce-loop-product__title\">Paquete Sillas Acojinadas<\/h2><\/a><\/div>\t<\/div>\n<\/li>\n\n\n<li class=\" paquetes post-7144 product first instock shipping-taxable product-type-simple\">\n\t<div class=\"uael-woo-product-wrapper uael-prod-auto-align-disabled\">\n\t\t<div class=\"uael-woo-products-thumbnail-wrap\"><div class=\"uael-flash-container \"><\/div><a href=\"https:\/\/rusticosdelsol.com.mx\/?product=paquete-sillas-sencilla\" class=\"woocommerce-LoopProduct-link woocommerce-loop-product__link\"><img loading=\"lazy\" decoding=\"async\" width=\"600\" height=\"600\" src=\"https:\/\/rusticosdelsol.com.mx\/wp-content\/uploads\/2019\/01\/Silla-20-Tradicional-Sencilla-color-Chedron-1-600x600.jpg\" class=\"attachment-woocommerce_thumbnail size-woocommerce_thumbnail\" alt=\"\" srcset=\"https:\/\/rusticosdelsol.com.mx\/wp-content\/uploads\/2019\/01\/Silla-20-Tradicional-Sencilla-color-Chedron-1-600x600.jpg 600w, https:\/\/rusticosdelsol.com.mx\/wp-content\/uploads\/2019\/01\/Silla-20-Tradicional-Sencilla-color-Chedron-1-150x150.jpg 150w, https:\/\/rusticosdelsol.com.mx\/wp-content\/uploads\/2019\/01\/Silla-20-Tradicional-Sencilla-color-Chedron-1-100x100.jpg 100w\" sizes=\"(max-width: 600px) 100vw, 600px\" \/><\/a><\/div><div class=\"uael-woo-products-summary-wrap uael-auto-align-disabled\">\t\t\t<span class=\"uael-woo-product-category\">\n\t\t\t\tPaquetes\t\t\t<\/span> \n\t\t\t<a href=\"https:\/\/rusticosdelsol.com.mx\/?product=paquete-sillas-sencilla\" class=\"uael-loop-product__link\"><h2 class=\"woocommerce-loop-product__title\">Paquete sillas sencilla<\/h2><\/a><\/div>\t<\/div>\n<\/li>\n\n\n<li class=\" paquetes post-7142 product  instock shipping-taxable product-type-simple\">\n\t<div class=\"uael-woo-product-wrapper uael-prod-auto-align-disabled\">\n\t\t<div class=\"uael-woo-products-thumbnail-wrap\"><div class=\"uael-flash-container \"><\/div><a href=\"https:\/\/rusticosdelsol.com.mx\/?product=paquete-bar-4\" class=\"woocommerce-LoopProduct-link woocommerce-loop-product__link\"><img loading=\"lazy\" decoding=\"async\" width=\"600\" height=\"600\" src=\"https:\/\/rusticosdelsol.com.mx\/wp-content\/uploads\/2019\/01\/Juego-de-4-Cantineros-Tradicional-Sencillo-y-Mesa-Alta-de-.80-cms-color-Chedron-1-600x600.jpg\" class=\"attachment-woocommerce_thumbnail size-woocommerce_thumbnail\" alt=\"\" srcset=\"https:\/\/rusticosdelsol.com.mx\/wp-content\/uploads\/2019\/01\/Juego-de-4-Cantineros-Tradicional-Sencillo-y-Mesa-Alta-de-.80-cms-color-Chedron-1-600x600.jpg 600w, https:\/\/rusticosdelsol.com.mx\/wp-content\/uploads\/2019\/01\/Juego-de-4-Cantineros-Tradicional-Sencillo-y-Mesa-Alta-de-.80-cms-color-Chedron-1-150x150.jpg 150w, https:\/\/rusticosdelsol.com.mx\/wp-content\/uploads\/2019\/01\/Juego-de-4-Cantineros-Tradicional-Sencillo-y-Mesa-Alta-de-.80-cms-color-Chedron-1-100x100.jpg 100w\" sizes=\"(max-width: 600px) 100vw, 600px\" \/><\/a><\/div><div class=\"uael-woo-products-summary-wrap uael-auto-align-disabled\">\t\t\t<span class=\"uael-woo-product-category\">\n\t\t\t\tPaquetes\t\t\t<\/span> \n\t\t\t<a href=\"https:\/\/rusticosdelsol.com.mx\/?product=paquete-bar-4\" class=\"uael-loop-product__link\"><h2 class=\"woocommerce-loop-product__title\">Paquete Bar 4<\/h2><\/a><\/div>\t<\/div>\n<\/li>\n\n\n<li class=\" paquetes post-7140 product  instock shipping-taxable product-type-simple\">\n\t<div class=\"uael-woo-product-wrapper uael-prod-auto-align-disabled\">\n\t\t<div class=\"uael-woo-products-thumbnail-wrap\"><div class=\"uael-flash-container \"><\/div><a href=\"https:\/\/rusticosdelsol.com.mx\/?product=paquete-bar-2\" class=\"woocommerce-LoopProduct-link woocommerce-loop-product__link\"><img loading=\"lazy\" decoding=\"async\" width=\"600\" height=\"600\" src=\"https:\/\/rusticosdelsol.com.mx\/wp-content\/uploads\/2019\/01\/Juego-de-2-Cantineros-Tradicional-Sencillo-y-Mesa-Alta-de-.60-cms-color-Chocolate-1-600x600.jpg\" class=\"attachment-woocommerce_thumbnail size-woocommerce_thumbnail\" alt=\"\" srcset=\"https:\/\/rusticosdelsol.com.mx\/wp-content\/uploads\/2019\/01\/Juego-de-2-Cantineros-Tradicional-Sencillo-y-Mesa-Alta-de-.60-cms-color-Chocolate-1-600x600.jpg 600w, https:\/\/rusticosdelsol.com.mx\/wp-content\/uploads\/2019\/01\/Juego-de-2-Cantineros-Tradicional-Sencillo-y-Mesa-Alta-de-.60-cms-color-Chocolate-1-150x150.jpg 150w, https:\/\/rusticosdelsol.com.mx\/wp-content\/uploads\/2019\/01\/Juego-de-2-Cantineros-Tradicional-Sencillo-y-Mesa-Alta-de-.60-cms-color-Chocolate-1-100x100.jpg 100w\" sizes=\"(max-width: 600px) 100vw, 600px\" \/><\/a><\/div><div class=\"uael-woo-products-summary-wrap uael-auto-align-disabled\">\t\t\t<span class=\"uael-woo-product-category\">\n\t\t\t\tPaquetes\t\t\t<\/span> \n\t\t\t<a href=\"https:\/\/rusticosdelsol.com.mx\/?product=paquete-bar-2\" class=\"uael-loop-product__link\"><h2 class=\"woocommerce-loop-product__title\">Paquete Bar 2<\/h2><\/a><\/div>\t<\/div>\n<\/li>\n\n\n<li class=\" paquetes post-7138 product last instock shipping-taxable product-type-simple\">\n\t<div class=\"uael-woo-product-wrapper uael-prod-auto-align-disabled\">\n\t\t<div class=\"uael-woo-products-thumbnail-wrap\"><div class=\"uael-flash-container \"><\/div><a href=\"https:\/\/rusticosdelsol.com.mx\/?product=paquete-para-cafeteria\" class=\"woocommerce-LoopProduct-link woocommerce-loop-product__link\"><img loading=\"lazy\" decoding=\"async\" width=\"600\" height=\"600\" src=\"https:\/\/rusticosdelsol.com.mx\/wp-content\/uploads\/2019\/01\/Juego-de-4-Locos-Acojinados-y-Mesa-de-.60-cms-color-Chocolate-1-600x600.jpg\" class=\"attachment-woocommerce_thumbnail size-woocommerce_thumbnail\" alt=\"\" srcset=\"https:\/\/rusticosdelsol.com.mx\/wp-content\/uploads\/2019\/01\/Juego-de-4-Locos-Acojinados-y-Mesa-de-.60-cms-color-Chocolate-1-600x600.jpg 600w, https:\/\/rusticosdelsol.com.mx\/wp-content\/uploads\/2019\/01\/Juego-de-4-Locos-Acojinados-y-Mesa-de-.60-cms-color-Chocolate-1-150x150.jpg 150w, https:\/\/rusticosdelsol.com.mx\/wp-content\/uploads\/2019\/01\/Juego-de-4-Locos-Acojinados-y-Mesa-de-.60-cms-color-Chocolate-1-100x100.jpg 100w\" sizes=\"(max-width: 600px) 100vw, 600px\" \/><\/a><\/div><div class=\"uael-woo-products-summary-wrap uael-auto-align-disabled\">\t\t\t<span class=\"uael-woo-product-category\">\n\t\t\t\tPaquetes\t\t\t<\/span> \n\t\t\t<a href=\"https:\/\/rusticosdelsol.com.mx\/?product=paquete-para-cafeteria\" class=\"uael-loop-product__link\"><h2 class=\"woocommerce-loop-product__title\">Paquete para Cafeter\u00eda<\/h2><\/a><\/div>\t<\/div>\n<\/li>\n<\/ul>\n<\/div><\/div>\t\t\t\t<\/div>\n\t\t\t\t<\/div>\n\t\t\t\t<\/div>\n\t\t\t\t<\/div>\n\t\t\t\t\t<\/div>\n\t\t\t\t<\/div>\n\t\t\t\t<section class=\"elementor-section elementor-top-section elementor-element elementor-element-1247853 elementor-section-boxed elementor-section-height-default elementor-section-height-default\" data-id=\"1247853\" data-element_type=\"section\" data-settings=\"{&quot;background_background&quot;:&quot;classic&quot;}\">\n\t\t\t\t\t\t\t<div class=\"elementor-background-overlay\"><\/div>\n\t\t\t\t\t\t\t<div class=\"elementor-container elementor-column-gap-no\">\n\t\t\t\t\t<div class=\"elementor-column elementor-col-100 elementor-top-column elementor-element elementor-element-085ac43\" data-id=\"085ac43\" data-element_type=\"column\">\n\t\t\t<div class=\"elementor-widget-wrap elementor-element-populated\">\n\t\t\t\t\t\t<div class=\"elementor-element elementor-element-2c7dbf1 elementor-widget elementor-widget-heading\" data-id=\"2c7dbf1\" data-element_type=\"widget\" data-widget_type=\"heading.default\">\n\t\t\t\t<div class=\"elementor-widget-container\">\n\t\t\t\t\t<h2 class=\"elementor-heading-title elementor-size-default\">Misi\u00f3n\n<\/h2>\t\t\t\t<\/div>\n\t\t\t\t<\/div>\n\t\t\t\t<div class=\"elementor-element elementor-element-762b57e elementor-widget-divider--view-line elementor-widget elementor-widget-divider\" data-id=\"762b57e\" data-element_type=\"widget\" data-widget_type=\"divider.default\">\n\t\t\t\t<div class=\"elementor-widget-container\">\n\t\t\t\t\t\t\t<div class=\"elementor-divider\">\n\t\t\t<span class=\"elementor-divider-separator\">\n\t\t\t\t\t\t<\/span>\n\t\t<\/div>\n\t\t\t\t\t\t<\/div>\n\t\t\t\t<\/div>\n\t\t\t\t<div class=\"elementor-element elementor-element-a25e58f elementor-widget elementor-widget-text-editor\" data-id=\"a25e58f\" data-element_type=\"widget\" data-widget_type=\"text-editor.default\">\n\t\t\t\t<div class=\"elementor-widget-container\">\n\t\t\t\t\t\t\t\t\tMantener una empresa en constante  crecimiento para satisfacer las necesidades de nuestros clientes empleados y proveedores para asi ofrecerles la mas alta calidad en nuestros productos a los mejores precios.\t\t\t\t\t\t\t\t<\/div>\n\t\t\t\t<\/div>\n\t\t\t\t\t<\/div>\n\t\t<\/div>\n\t\t\t\t\t<\/div>\n\t\t<\/section>\n\t\t\t\t<\/div>\n\t\t","protected":false},"excerpt":{"rendered":"<p>Jetzt chicken road spielen \u2013 Action pur im Online-Slot. Drehe die Walzen auf chicken road f\u00fcr Nervenkitzel. Desde 1993 Somos una empresa fabricante 100% mexicana que nace en el a\u00f1o de 1993 impulsada por sus fundadores dedicados por completo al ramo mueblero que cuentan ya con una experiencia de 31 a\u00f1os en la industria mueblera. [&hellip;]<\/p>\n","protected":false},"author":25,"featured_media":0,"parent":0,"menu_order":0,"comment_status":"closed","ping_status":"open","template":"","meta":{"site-sidebar-layout":"no-sidebar","site-content-layout":"page-builder","ast-site-content-layout":"","site-content-style":"default","site-sidebar-style":"default","ast-global-header-display":"","ast-banner-title-visibility":"","ast-main-header-display":"","ast-hfb-above-header-display":"","ast-hfb-below-header-display":"","ast-hfb-mobile-header-display":"","site-post-title":"disabled","ast-breadcrumbs-content":"disabled","ast-featured-img":"disabled","footer-sml-layout":"","theme-transparent-header-meta":"enabled","adv-header-id-meta":"","stick-header-meta":"","header-above-stick-meta":"","header-main-stick-meta":"","header-below-stick-meta":"","astra-migrate-meta-layouts":"default","ast-page-background-enabled":"default","ast-page-background-meta":{"desktop":{"background-color":"var(--ast-global-color-4)","background-image":"","background-repeat":"repeat","background-position":"center center","background-size":"auto","background-attachment":"scroll","background-type":"","background-media":"","overlay-type":"","overlay-color":"","overlay-opacity":"","overlay-gradient":""},"tablet":{"background-color":"","background-image":"","background-repeat":"repeat","background-position":"center center","background-size":"auto","background-attachment":"scroll","background-type":"","background-media":"","overlay-type":"","overlay-color":"","overlay-opacity":"","overlay-gradient":""},"mobile":{"background-color":"","background-image":"","background-repeat":"repeat","background-position":"center center","background-size":"auto","background-attachment":"scroll","background-type":"","background-media":"","overlay-type":"","overlay-color":"","overlay-opacity":"","overlay-gradient":""}},"ast-content-background-meta":{"desktop":{"background-color":"var(--ast-global-color-5)","background-image":"","background-repeat":"repeat","background-position":"center center","background-size":"auto","background-attachment":"scroll","background-type":"","background-media":"","overlay-type":"","overlay-color":"","overlay-opacity":"","overlay-gradient":""},"tablet":{"background-color":"var(--ast-global-color-5)","background-image":"","background-repeat":"repeat","background-position":"center center","background-size":"auto","background-attachment":"scroll","background-type":"","background-media":"","overlay-type":"","overlay-color":"","overlay-opacity":"","overlay-gradient":""},"mobile":{"background-color":"var(--ast-global-color-5)","background-image":"","background-repeat":"repeat","background-position":"center center","background-size":"auto","background-attachment":"scroll","background-type":"","background-media":"","overlay-type":"","overlay-color":"","overlay-opacity":"","overlay-gradient":""}},"footnotes":""},"class_list":["post-18","page","type-page","status-publish","hentry","desktop-align-left","tablet-align-left","mobile-align-left"],"aioseo_notices":[],"_links":{"self":[{"href":"https:\/\/rusticosdelsol.com.mx\/index.php?rest_route=\/wp\/v2\/pages\/18","targetHints":{"allow":["GET"]}}],"collection":[{"href":"https:\/\/rusticosdelsol.com.mx\/index.php?rest_route=\/wp\/v2\/pages"}],"about":[{"href":"https:\/\/rusticosdelsol.com.mx\/index.php?rest_route=\/wp\/v2\/types\/page"}],"author":[{"embeddable":true,"href":"https:\/\/rusticosdelsol.com.mx\/index.php?rest_route=\/wp\/v2\/users\/25"}],"replies":[{"embeddable":true,"href":"https:\/\/rusticosdelsol.com.mx\/index.php?rest_route=%2Fwp%2Fv2%2Fcomments&post=18"}],"version-history":[{"count":24,"href":"https:\/\/rusticosdelsol.com.mx\/index.php?rest_route=\/wp\/v2\/pages\/18\/revisions"}],"predecessor-version":[{"id":51853,"href":"https:\/\/rusticosdelsol.com.mx\/index.php?rest_route=\/wp\/v2\/pages\/18\/revisions\/51853"}],"wp:attachment":[{"href":"https:\/\/rusticosdelsol.com.mx\/index.php?rest_route=%2Fwp%2Fv2%2Fmedia&parent=18"}],"curies":[{"name":"wp","href":"https:\/\/api.w.org\/{rel}","templated":true}]}}